{"id":1990,"date":"2026-05-05T16:02:16","date_gmt":"2026-05-05T16:02:16","guid":{"rendered":"https:\/\/www.floreriavoila.com\/portada\/?post_type=product&#038;p=1990"},"modified":"2026-05-05T19:39:21","modified_gmt":"2026-05-05T19:39:21","slug":"jardin","status":"publish","type":"product","link":"https:\/\/www.floreriavoila.com\/portada\/producto\/jardin\/","title":{"rendered":"Jard\u00edn"},"content":{"rendered":"","protected":false},"excerpt":{"rendered":"<p>Una composici\u00f3n floral en formato cesta, dise\u00f1ada con t\u00e9cnica y sensibilidad, donde cada flor encuentra su espacio y protagonismo. El uso de profundidad, aire y capas permite resaltar colores, texturas y movimiento, logrando una est\u00e9tica natural, rom\u00e1ntica y llena de luz. Un regalo con car\u00e1cter, pensado para emocionar y permanecer. Incluye detalle Merci Mom.<\/p>\n","protected":false},"featured_media":1991,"template":"","meta":[],"product_brand":[],"product_cat":[13],"product_tag":[],"class_list":{"0":"post-1990","1":"product","2":"type-product","3":"status-publish","4":"has-post-thumbnail","6":"product_cat-dia-de-la-mama","8":"first","9":"instock","10":"shipping-taxable","11":"purchasable","12":"product-type-simple"},"_links":{"self":[{"href":"https:\/\/www.floreriavoila.com\/portada\/wp-json\/wp\/v2\/product\/1990","targetHints":{"allow":["GET"]}}],"collection":[{"href":"https:\/\/www.floreriavoila.com\/portada\/wp-json\/wp\/v2\/product"}],"about":[{"href":"https:\/\/www.floreriavoila.com\/portada\/wp-json\/wp\/v2\/types\/product"}],"wp:featuredmedia":[{"embeddable":true,"href":"https:\/\/www.floreriavoila.com\/portada\/wp-json\/wp\/v2\/media\/1991"}],"wp:attachment":[{"href":"https:\/\/www.floreriavoila.com\/portada\/wp-json\/wp\/v2\/media?parent=1990"}],"wp:term":[{"taxonomy":"product_brand","embeddable":true,"href":"https:\/\/www.floreriavoila.com\/portada\/wp-json\/wp\/v2\/product_brand?post=1990"},{"taxonomy":"product_cat","embeddable":true,"href":"https:\/\/www.floreriavoila.com\/portada\/wp-json\/wp\/v2\/product_cat?post=1990"},{"taxonomy":"product_tag","embeddable":true,"href":"https:\/\/www.floreriavoila.com\/portada\/wp-json\/wp\/v2\/product_tag?post=1990"}],"curies":[{"name":"wp","href":"https:\/\/api.w.org\/{rel}","templated":true}]}}