{"id":1984,"date":"2026-05-05T15:45:41","date_gmt":"2026-05-05T15:45:41","guid":{"rendered":"https:\/\/www.floreriavoila.com\/portada\/?post_type=product&#038;p=1984"},"modified":"2026-05-05T19:43:17","modified_gmt":"2026-05-05T19:43:17","slug":"origen","status":"publish","type":"product","link":"https:\/\/www.floreriavoila.com\/portada\/producto\/origen\/","title":{"rendered":"Origen"},"content":{"rendered":"","protected":false},"excerpt":{"rendered":"<p>Un detalle pensado para quedarse. Flores en una composici\u00f3n delicada, lista para acompa\u00f1ar a mam\u00e1 en su d\u00eda a d\u00eda.<\/p>\n","protected":false},"featured_media":1985,"template":"","meta":[],"product_brand":[],"product_cat":[13],"product_tag":[],"class_list":{"0":"post-1984","1":"product","2":"type-product","3":"status-publish","4":"has-post-thumbnail","6":"product_cat-dia-de-la-mama","8":"first","9":"instock","10":"shipping-taxable","11":"purchasable","12":"product-type-simple"},"_links":{"self":[{"href":"https:\/\/www.floreriavoila.com\/portada\/wp-json\/wp\/v2\/product\/1984","targetHints":{"allow":["GET"]}}],"collection":[{"href":"https:\/\/www.floreriavoila.com\/portada\/wp-json\/wp\/v2\/product"}],"about":[{"href":"https:\/\/www.floreriavoila.com\/portada\/wp-json\/wp\/v2\/types\/product"}],"wp:featuredmedia":[{"embeddable":true,"href":"https:\/\/www.floreriavoila.com\/portada\/wp-json\/wp\/v2\/media\/1985"}],"wp:attachment":[{"href":"https:\/\/www.floreriavoila.com\/portada\/wp-json\/wp\/v2\/media?parent=1984"}],"wp:term":[{"taxonomy":"product_brand","embeddable":true,"href":"https:\/\/www.floreriavoila.com\/portada\/wp-json\/wp\/v2\/product_brand?post=1984"},{"taxonomy":"product_cat","embeddable":true,"href":"https:\/\/www.floreriavoila.com\/portada\/wp-json\/wp\/v2\/product_cat?post=1984"},{"taxonomy":"product_tag","embeddable":true,"href":"https:\/\/www.floreriavoila.com\/portada\/wp-json\/wp\/v2\/product_tag?post=1984"}],"curies":[{"name":"wp","href":"https:\/\/api.w.org\/{rel}","templated":true}]}}