{"id":1975,"date":"2026-05-05T15:17:46","date_gmt":"2026-05-05T15:17:46","guid":{"rendered":"https:\/\/www.floreriavoila.com\/portada\/?post_type=product&#038;p=1975"},"modified":"2026-05-05T15:21:07","modified_gmt":"2026-05-05T15:21:07","slug":"silvestre-n3","status":"publish","type":"product","link":"https:\/\/www.floreriavoila.com\/portada\/producto\/silvestre-n3\/","title":{"rendered":"Silvestre N\u00b03"},"content":{"rendered":"<p>Girasoles y texturas naturales en una composici\u00f3n luminosa y org\u00e1nica. Un ramo lleno de energ\u00eda, pensado para alegrar y emocionar.<\/p>\n","protected":false},"excerpt":{"rendered":"<p>Girasoles y texturas naturales en una composici\u00f3n luminosa y org\u00e1nica. Un ramo lleno de energ\u00eda, pensado para alegrar y emocionar.<\/p>\n","protected":false},"featured_media":1976,"template":"","meta":[],"product_brand":[],"product_cat":[13],"product_tag":[],"class_list":{"0":"post-1975","1":"product","2":"type-product","3":"status-publish","4":"has-post-thumbnail","6":"product_cat-dia-de-la-mama","8":"first","9":"instock","10":"shipping-taxable","11":"purchasable","12":"product-type-simple"},"_links":{"self":[{"href":"https:\/\/www.floreriavoila.com\/portada\/wp-json\/wp\/v2\/product\/1975","targetHints":{"allow":["GET"]}}],"collection":[{"href":"https:\/\/www.floreriavoila.com\/portada\/wp-json\/wp\/v2\/product"}],"about":[{"href":"https:\/\/www.floreriavoila.com\/portada\/wp-json\/wp\/v2\/types\/product"}],"wp:featuredmedia":[{"embeddable":true,"href":"https:\/\/www.floreriavoila.com\/portada\/wp-json\/wp\/v2\/media\/1976"}],"wp:attachment":[{"href":"https:\/\/www.floreriavoila.com\/portada\/wp-json\/wp\/v2\/media?parent=1975"}],"wp:term":[{"taxonomy":"product_brand","embeddable":true,"href":"https:\/\/www.floreriavoila.com\/portada\/wp-json\/wp\/v2\/product_brand?post=1975"},{"taxonomy":"product_cat","embeddable":true,"href":"https:\/\/www.floreriavoila.com\/portada\/wp-json\/wp\/v2\/product_cat?post=1975"},{"taxonomy":"product_tag","embeddable":true,"href":"https:\/\/www.floreriavoila.com\/portada\/wp-json\/wp\/v2\/product_tag?post=1975"}],"curies":[{"name":"wp","href":"https:\/\/api.w.org\/{rel}","templated":true}]}}