{"id":1971,"date":"2026-05-05T15:01:43","date_gmt":"2026-05-05T15:01:43","guid":{"rendered":"https:\/\/www.floreriavoila.com\/portada\/?post_type=product&#038;p=1971"},"modified":"2026-05-05T19:46:11","modified_gmt":"2026-05-05T19:46:11","slug":"silvestre-n1","status":"publish","type":"product","link":"https:\/\/www.floreriavoila.com\/portada\/producto\/silvestre-n1\/","title":{"rendered":"Silvestre N\u00b01"},"content":{"rendered":"","protected":false},"excerpt":{"rendered":"<p>Tulipanes y texturas naturales en una composici\u00f3n simple y cuidada. Un ramo que transmite cari\u00f1o en su forma m\u00e1s pura.<\/p>\n","protected":false},"featured_media":1972,"template":"","meta":[],"product_brand":[],"product_cat":[13],"product_tag":[],"class_list":{"0":"post-1971","1":"product","2":"type-product","3":"status-publish","4":"has-post-thumbnail","6":"product_cat-dia-de-la-mama","8":"first","9":"instock","10":"shipping-taxable","11":"purchasable","12":"product-type-simple"},"_links":{"self":[{"href":"https:\/\/www.floreriavoila.com\/portada\/wp-json\/wp\/v2\/product\/1971","targetHints":{"allow":["GET"]}}],"collection":[{"href":"https:\/\/www.floreriavoila.com\/portada\/wp-json\/wp\/v2\/product"}],"about":[{"href":"https:\/\/www.floreriavoila.com\/portada\/wp-json\/wp\/v2\/types\/product"}],"wp:featuredmedia":[{"embeddable":true,"href":"https:\/\/www.floreriavoila.com\/portada\/wp-json\/wp\/v2\/media\/1972"}],"wp:attachment":[{"href":"https:\/\/www.floreriavoila.com\/portada\/wp-json\/wp\/v2\/media?parent=1971"}],"wp:term":[{"taxonomy":"product_brand","embeddable":true,"href":"https:\/\/www.floreriavoila.com\/portada\/wp-json\/wp\/v2\/product_brand?post=1971"},{"taxonomy":"product_cat","embeddable":true,"href":"https:\/\/www.floreriavoila.com\/portada\/wp-json\/wp\/v2\/product_cat?post=1971"},{"taxonomy":"product_tag","embeddable":true,"href":"https:\/\/www.floreriavoila.com\/portada\/wp-json\/wp\/v2\/product_tag?post=1971"}],"curies":[{"name":"wp","href":"https:\/\/api.w.org\/{rel}","templated":true}]}}