{"id":1904,"date":"2026-02-11T04:04:16","date_gmt":"2026-02-11T04:04:16","guid":{"rendered":"https:\/\/www.floreriavoila.com\/portada\/?post_type=product&#038;p=1904"},"modified":"2026-05-05T20:20:32","modified_gmt":"2026-05-05T20:20:32","slug":"corazon-noir","status":"publish","type":"product","link":"https:\/\/www.floreriavoila.com\/portada\/producto\/corazon-noir\/","title":{"rendered":"Coraz\u00f3n Noir"},"content":{"rendered":"<p>Un imponente coraz\u00f3n floral en base negra dise\u00f1ado para quienes buscan regalar elegancia, presencia y emoci\u00f3n en un solo gesto.<\/p>\n","protected":false},"excerpt":{"rendered":"<p>Un imponente coraz\u00f3n floral en base negra dise\u00f1ado para quienes buscan regalar elegancia, presencia y emoci\u00f3n en un solo gesto.<\/p>\n","protected":false},"featured_media":1905,"template":"","meta":[],"product_brand":[],"product_cat":[13,19],"product_tag":[],"class_list":{"0":"post-1904","1":"product","2":"type-product","3":"status-publish","4":"has-post-thumbnail","6":"product_cat-dia-de-la-mama","7":"product_cat-enamorados","9":"first","10":"instock","11":"shipping-taxable","12":"purchasable","13":"product-type-simple"},"_links":{"self":[{"href":"https:\/\/www.floreriavoila.com\/portada\/wp-json\/wp\/v2\/product\/1904","targetHints":{"allow":["GET"]}}],"collection":[{"href":"https:\/\/www.floreriavoila.com\/portada\/wp-json\/wp\/v2\/product"}],"about":[{"href":"https:\/\/www.floreriavoila.com\/portada\/wp-json\/wp\/v2\/types\/product"}],"wp:featuredmedia":[{"embeddable":true,"href":"https:\/\/www.floreriavoila.com\/portada\/wp-json\/wp\/v2\/media\/1905"}],"wp:attachment":[{"href":"https:\/\/www.floreriavoila.com\/portada\/wp-json\/wp\/v2\/media?parent=1904"}],"wp:term":[{"taxonomy":"product_brand","embeddable":true,"href":"https:\/\/www.floreriavoila.com\/portada\/wp-json\/wp\/v2\/product_brand?post=1904"},{"taxonomy":"product_cat","embeddable":true,"href":"https:\/\/www.floreriavoila.com\/portada\/wp-json\/wp\/v2\/product_cat?post=1904"},{"taxonomy":"product_tag","embeddable":true,"href":"https:\/\/www.floreriavoila.com\/portada\/wp-json\/wp\/v2\/product_tag?post=1904"}],"curies":[{"name":"wp","href":"https:\/\/api.w.org\/{rel}","templated":true}]}}