{"id":1768,"date":"2025-02-10T06:20:39","date_gmt":"2025-02-10T06:20:39","guid":{"rendered":"https:\/\/www.floreriavoila.com\/portada\/?post_type=product&#038;p=1768"},"modified":"2026-05-05T20:19:31","modified_gmt":"2026-05-05T20:19:31","slug":"corazon-rose","status":"publish","type":"product","link":"https:\/\/www.floreriavoila.com\/portada\/producto\/corazon-rose\/","title":{"rendered":"Coraz\u00f3n Ros\u00e8"},"content":{"rendered":"<p>Un delicado coraz\u00f3n floral en tonos rom\u00e1nticos, creado para decir \u201cTe amo\u201d, \u201cTe extra\u00f1o\u201d o \u201cEstoy pensando en ti\u201d.\u00a0 Sin necesidad de<br \/>\npalabras<\/p>\n","protected":false},"excerpt":{"rendered":"<p>Un delicado coraz\u00f3n floral en tonos rom\u00e1nticos, creado para decir \u201cTe amo\u201d, \u201cTe extra\u00f1o\u201d o \u201cEstoy pensando en ti\u201d.\u00a0 Sin necesidad de palabras<\/p>\n","protected":false},"featured_media":1769,"template":"","meta":[],"product_brand":[],"product_cat":[13,19],"product_tag":[],"class_list":{"0":"post-1768","1":"product","2":"type-product","3":"status-publish","4":"has-post-thumbnail","6":"product_cat-dia-de-la-mama","7":"product_cat-enamorados","9":"first","10":"instock","11":"shipping-taxable","12":"purchasable","13":"product-type-simple"},"_links":{"self":[{"href":"https:\/\/www.floreriavoila.com\/portada\/wp-json\/wp\/v2\/product\/1768","targetHints":{"allow":["GET"]}}],"collection":[{"href":"https:\/\/www.floreriavoila.com\/portada\/wp-json\/wp\/v2\/product"}],"about":[{"href":"https:\/\/www.floreriavoila.com\/portada\/wp-json\/wp\/v2\/types\/product"}],"wp:featuredmedia":[{"embeddable":true,"href":"https:\/\/www.floreriavoila.com\/portada\/wp-json\/wp\/v2\/media\/1769"}],"wp:attachment":[{"href":"https:\/\/www.floreriavoila.com\/portada\/wp-json\/wp\/v2\/media?parent=1768"}],"wp:term":[{"taxonomy":"product_brand","embeddable":true,"href":"https:\/\/www.floreriavoila.com\/portada\/wp-json\/wp\/v2\/product_brand?post=1768"},{"taxonomy":"product_cat","embeddable":true,"href":"https:\/\/www.floreriavoila.com\/portada\/wp-json\/wp\/v2\/product_cat?post=1768"},{"taxonomy":"product_tag","embeddable":true,"href":"https:\/\/www.floreriavoila.com\/portada\/wp-json\/wp\/v2\/product_tag?post=1768"}],"curies":[{"name":"wp","href":"https:\/\/api.w.org\/{rel}","templated":true}]}}