{"id":1753,"date":"2025-02-10T05:36:11","date_gmt":"2025-02-10T05:36:11","guid":{"rendered":"https:\/\/www.floreriavoila.com\/portada\/?post_type=product&#038;p=1753"},"modified":"2026-02-11T03:37:44","modified_gmt":"2026-02-11T03:37:44","slug":"amor-de-lujo","status":"publish","type":"product","link":"https:\/\/www.floreriavoila.com\/portada\/producto\/amor-de-lujo\/","title":{"rendered":"Amor Eterno"},"content":{"rendered":"<p>Elegante arreglo de rosas rojas seleccionadas en florero de vidrio, acompa\u00f1ado de follajes naturales con el sello Voil\u00e0. Un cl\u00e1sico atemporal para expresar un amor profundo, sincero y duradero.<\/p>\n","protected":false},"excerpt":{"rendered":"<p>Elegante arreglo de rosas rojas seleccionadas en florero de vidrio, acompa\u00f1ado de follajes naturales con el sello Voil\u00e0. Un cl\u00e1sico atemporal para expresar un amor profundo, sincero y duradero.<\/p>\n","protected":false},"featured_media":1754,"template":"","meta":[],"product_brand":[],"product_cat":[19],"product_tag":[],"class_list":{"0":"post-1753","1":"product","2":"type-product","3":"status-publish","4":"has-post-thumbnail","6":"product_cat-enamorados","8":"first","9":"instock","10":"shipping-taxable","11":"purchasable","12":"product-type-simple"},"_links":{"self":[{"href":"https:\/\/www.floreriavoila.com\/portada\/wp-json\/wp\/v2\/product\/1753","targetHints":{"allow":["GET"]}}],"collection":[{"href":"https:\/\/www.floreriavoila.com\/portada\/wp-json\/wp\/v2\/product"}],"about":[{"href":"https:\/\/www.floreriavoila.com\/portada\/wp-json\/wp\/v2\/types\/product"}],"wp:featuredmedia":[{"embeddable":true,"href":"https:\/\/www.floreriavoila.com\/portada\/wp-json\/wp\/v2\/media\/1754"}],"wp:attachment":[{"href":"https:\/\/www.floreriavoila.com\/portada\/wp-json\/wp\/v2\/media?parent=1753"}],"wp:term":[{"taxonomy":"product_brand","embeddable":true,"href":"https:\/\/www.floreriavoila.com\/portada\/wp-json\/wp\/v2\/product_brand?post=1753"},{"taxonomy":"product_cat","embeddable":true,"href":"https:\/\/www.floreriavoila.com\/portada\/wp-json\/wp\/v2\/product_cat?post=1753"},{"taxonomy":"product_tag","embeddable":true,"href":"https:\/\/www.floreriavoila.com\/portada\/wp-json\/wp\/v2\/product_tag?post=1753"}],"curies":[{"name":"wp","href":"https:\/\/api.w.org\/{rel}","templated":true}]}}