{"id":757,"date":"2018-02-15T13:13:03","date_gmt":"2018-02-15T13:13:03","guid":{"rendered":"http:\/\/www.floreriavoila.com\/portada\/?page_id=757"},"modified":"2024-02-08T19:41:47","modified_gmt":"2024-02-08T19:41:47","slug":"politicas","status":"publish","type":"page","link":"https:\/\/www.floreriavoila.com\/portada\/politicas\/","title":{"rendered":"Politicas"},"content":{"rendered":"<p><span style=\"color: #ffffff;\">Pol\u00edticas de Compras Online.<\/span><\/p>\n<ul>\n<li><span style=\"color: #ffffff;\">Los pedidos deben ser agendados y pagados ( transferencia directa respaldada a nuestro email ventas@floreriavoila.com) con m\u00ednimo de 5 horas antes, para nuestro ingreso, elaboraci\u00f3n y gesti\u00f3n de entrega. En rangos de horarios preestablecidos.<\/span><\/li>\n<\/ul>\n<p><span style=\"color: #ffffff;\">Si en nuestra base de datos se genera una solicitud de pedido sin tener pago previamente respaldado v\u00eda mail, este no ser\u00e1 en ning\u00fan caso ingresado ni generado.<\/span><\/p>\n<ul>\n<li><span style=\"color: #ffffff;\">En nuestro formulario de pedido usted debe ingresar todo sus datos\u00a0 (mail y celular) para mantenerlo informado.<\/span><\/li>\n<li><span style=\"color: #ffffff;\">Debe ingresar los datos de quien recibir\u00e1 nuestro pedido, como:<\/span><\/li>\n<\/ul>\n<p><span style=\"color: #ffffff;\">Entrega en Edificio:<\/span><br \/><span style=\"color: #ffffff;\">Nombre del edificio, su n\u00famero y n\u00famero de Depto.<\/span><\/p>\n<p><span style=\"color: #ffffff;\">En caso, de no encontrar a nadie y no poder dejar en recepci\u00f3n, se contactar\u00e1 al destinatario al tel\u00e9fono ingresado en formulario de compra. Si el destinatario no contesta. Daremos aviso al comprador que su pedido deber\u00e1 ser retirado en nuestra tienda, en el horario establecido de atenci\u00f3n a p\u00fablico.<\/span><\/p>\n<p><span style=\"color: #ffffff;\">Entrega en Casa: La direcci\u00f3n debe ser exacta, indicando el nombre de la calle, n\u00famero, cerro y o sector; incluso dar referencias si es complejo el acceso.\u00a0 La casa debe tener n\u00famero para ser distinguida al igual que un timbre donde se pueda anunciar la llegada. En caso de no tener numeraci\u00f3n a la vista ni timbre se contactar\u00e1 al destinatario al tel\u00e9fono ingresado en formulario de compra. Si el destinatario no contesta. Daremos aviso al comprador que su pedido deber\u00e1 ser retirado en nuestra tienda, en el horario establecido de atenci\u00f3n a p\u00fablico.<\/span><\/p>\n<ul>\n<li><span style=\"color: #ffffff;\">El \u00e1rea de entrega en nuestra comuna abarca los siguientes sectores.<\/span><\/li>\n<\/ul>\n<p><span style=\"color: #ffffff;\">Vi\u00f1a del Mar \u2013 Con C\u00f3n \u2013 Re\u00f1aca, excepto Glorias Navales, Forestal Alto, Re\u00f1aca Alto.<\/span><br \/><span style=\"color: #ffffff;\">Valpara\u00edso Centro y Cerros, excepto Playa ancha alto y Rodelillo.<\/span><br \/><span style=\"color: #ffffff;\">Quilpu\u00e9 \u2013 Belloto<\/span><br \/><span style=\"color: #ffffff;\">Villa Alemana \u2013 Pe\u00f1ablanca, excepto Poblaci\u00f3n Puyaral, Huanhual\u00ed, Ram\u00f3n \u00c1ngel Jara.<\/span><\/p>\n<ul>\n<li><span style=\"color: #ffffff;\">El rango de horario para entregas ser\u00e1 a partir de las 10:30 \u2013 14:30 y 15:30 \u2013 20:00, por ser un d\u00eda de alta demanda no podemos comprometernos a una exacta a diferencia de otros d\u00edas.<\/span><\/li>\n<li><span style=\"color: #ffffff;\">En caso de solicitar una entrega en alg\u00fan restaurant, nuestras flores ser\u00e1n entregadas al anfitri\u00f3n del lugar con el\u00a0 nombre de quien realiz\u00f3 la compra, en rango de horario acordado. En ning\u00fan caso se buscar\u00e1 al destinatario, entre los comensales.<\/span><\/li>\n<\/ul>\n<p><span style=\"color: #ffffff;\">Trabajamos con flores frescas y de temporadas por lo tanto ning\u00fan ramo ser\u00e1 exactamente igual a otro, obedeciendo a la estacionalidad de las flores, incluso muchas veces la intensidad de los colores de nuestras flores naturales puede cambiar, no obstante respetaremos siempre la paleta de colores y la papeler\u00eda.<\/span><\/p>\n<p><span style=\"color: #ffffff;\">Las Fotograf\u00edas son referenciales y se debe considerar que las im\u00e1genes pueden tener variaciones de colores seg\u00fan la configuraci\u00f3n de pantalla del usuario.<\/span><\/p>\n<p><span style=\"color: #ffffff;\">Para Fechas de Alta Demanda:<\/span><\/p>\n<ul>\n<li><span style=\"color: #ffffff;\">D\u00eda del Amor, D\u00eda de la Madre.<\/span><\/li>\n<\/ul>\n<p><span style=\"color: #ffffff;\">Por tratarse de d\u00edas con alta demanda, Voil\u00e0 Fleurs podr\u00e1 reemplazar tipo de bases o flores seg\u00fan disponibilidad en tienda, manteniendo paletas de colores y la l\u00ednea de dise\u00f1o del arreglo solicitado.<\/span><\/p>\n<ul>\n<li><span style=\"color: #ffffff;\">Para productos anexos en algunos de nuestros pack, como chocolates, espumantes, whiskys, globos y otros. Si al momento de la compra existiese alg\u00fan problema de stock, nuestro equipo reemplazar\u00e1 el producto siempre por\u00a0una marca de la misma categor\u00eda (Importada o Nacional, seg\u00fan corresponda). Manteniendo la l\u00ednea que nos caracteriza.<\/span><\/li>\n<li><span style=\"color: #ffffff;\">Peluches y similares. Si al momento de la compra existiese alg\u00fan problema de stock, nuestro equipo reemplazar\u00e1 el producto, por uno similar y manteniendo la l\u00ednea que nos caracteriza.<\/span><\/li>\n<\/ul>\n<p><span style=\"color: #ffffff;\">Entregas en Alta Demanda<\/span><\/p>\n<p><span style=\"color: #ffffff;\">Para este 13 y 14 de febrero por contingencia regional nuestras rutas podr\u00eda verse retrasada nuestra ruta por motivos ajenos a nuestra responsabilidad. No superando las 21:00 hrs. (Caso extremo).<\/span><\/p>\n<p><span style=\"color: #ffffff;\">Horarios 13 de Febrero:\u00a0<br \/>Desde las 9:30 a 20:00 hrs.<\/span><\/p>\n<p><span style=\"color: #ffffff;\">Horarios 14 de Febrero:<\/span><br \/><span style=\"color: #ffffff;\">Desde las 8:30 a 20:30 hrs.<\/span><\/p>\n<p><span style=\"color: #ffffff;\">En caso de no encontrar a la persona destinataria y que nadie pueda recibir el producto se contactar\u00e1 al comprador e informar\u00e1 que su pedido deber\u00e1 ser retirado en nuestra tienda, una vez llegue de la ruta de entrega, que generalmente son masivas.<\/span><\/p>\n<p><span style=\"color: #ffffff;\">En caso de solicitar un nuevo despacho se deber\u00e1 pagar el servicio de este y reagendar de acuerdo a nuestras rutas establecidas ya sea para ese mismo d\u00eda, si existiese disponibilidad \u00f3 para el d\u00eda h\u00e1bil siguiente a partir de las 12:00 Hrs.<\/span><\/p>\n<p><span style=\"color: #ffffff;\">Si necesita otro tipo de entrega con requerimientos m\u00e1s espec\u00edficos, deber\u00e1 coordinar previamente con nuestra tienda para ver factibilidad y valor adicional del servicio.<\/span><\/p>\n<ul>\n<li><span style=\"color: #ffffff;\">Para pedidos que se generen el mismo d\u00eda de la festividad, quedar\u00e1n sujetos seg\u00fan\u00a0stock y pendientes para el d\u00eda h\u00e1bil siguiente, en caso que no se puedan incluir en ruta ya programada. (Se entiende que para estas fechas la programaci\u00f3n de entregas se realiza con al menos 24 horas de antelaci\u00f3n.<\/span><\/li>\n<li><span style=\"color: #ffffff;\">Para cualquier consulta\u00a0 nuestros\u00a0 horarios para asistencia telef\u00f3nica ser\u00e1n:<\/span><\/li>\n<\/ul>\n<p><span style=\"color: #ffffff;\">Lunes a Viernes\u00a0 de 09:00 \u2013 20:00 Hrs.<\/span><br \/><span style=\"color: #ffffff;\">Fono: 322993267<\/span><\/p>\n<p><span style=\"color: #ffffff;\">Recuerden que nuestras l\u00edneas telef\u00f3nicas al igual que nuestras consultas por e mail colapsan estos d\u00edas, por lo que rogamos tenga paciencia ya que siempre habr\u00e1 alguien de nuestro staff quien atender\u00e1 amablemente su consulta.<\/span><\/p>\n<p><span style=\"color: #ffffff;\">Cada arreglo que lleva la\u00a0 marca VOIL\u00c0,\u00a0es elaborado con Flores Premium;\u00a0 nuestro Packing es exclusivo y de calidad superior, preparado por personal altamente calificado.<\/span><\/p>\n<p><span style=\"color: #ffffff;\">Cuando compras en nuestra tienda est\u00e1s comprando dedicaci\u00f3n y elegancia, pero por sobre todo est\u00e1s enviando sentimientos ya que nuestro trabajo est\u00e1 elaborado con el alma de quienes aman las flores y el dise\u00f1o.<\/span><\/p>\n<p><span style=\"color: #ffffff;\">Una vez generada la compra y elaborado el producto seg\u00fan indicaciones por el cliente; si este se arrepiente nuestra tienda no generar\u00e1 devoluci\u00f3n de dinero. (Por tratarse de productos frescos y dise\u00f1ados muchas veces de forma de forma personalizada.<\/span><\/p>\n<p><span style=\"color: #ffffff;\">Agradecemos desde ya tu preferencia.<\/span><br \/><span style=\"color: #ffffff;\">Equipo Voil\u00e0.<\/span><\/p>\n\n\n<p><\/p>\n","protected":false},"excerpt":{"rendered":"<p>Pol\u00edticas de Compras Online. Los pedidos deben ser agendados y pagados ( transferencia directa respaldada a nuestro email ventas@floreriavoila.com) con m\u00ednimo de 5 horas antes, para nuestro ingreso, elaboraci\u00f3n y gesti\u00f3n de entrega. En rangos de horarios preestablecidos. Si en nuestra base de datos se genera una solicitud de pedido sin tener pago previamente respaldado [&hellip;]<\/p>\n","protected":false},"author":1,"featured_media":0,"parent":0,"menu_order":0,"comment_status":"closed","ping_status":"closed","template":"","meta":{"footnotes":""},"class_list":["post-757","page","type-page","status-publish","hentry"],"_links":{"self":[{"href":"https:\/\/www.floreriavoila.com\/portada\/wp-json\/wp\/v2\/pages\/757","targetHints":{"allow":["GET"]}}],"collection":[{"href":"https:\/\/www.floreriavoila.com\/portada\/wp-json\/wp\/v2\/pages"}],"about":[{"href":"https:\/\/www.floreriavoila.com\/portada\/wp-json\/wp\/v2\/types\/page"}],"author":[{"embeddable":true,"href":"https:\/\/www.floreriavoila.com\/portada\/wp-json\/wp\/v2\/users\/1"}],"replies":[{"embeddable":true,"href":"https:\/\/www.floreriavoila.com\/portada\/wp-json\/wp\/v2\/comments?post=757"}],"version-history":[{"count":24,"href":"https:\/\/www.floreriavoila.com\/portada\/wp-json\/wp\/v2\/pages\/757\/revisions"}],"predecessor-version":[{"id":1638,"href":"https:\/\/www.floreriavoila.com\/portada\/wp-json\/wp\/v2\/pages\/757\/revisions\/1638"}],"wp:attachment":[{"href":"https:\/\/www.floreriavoila.com\/portada\/wp-json\/wp\/v2\/media?parent=757"}],"curies":[{"name":"wp","href":"https:\/\/api.w.org\/{rel}","templated":true}]}}