{"id":38,"date":"2016-04-20T15:56:59","date_gmt":"2016-04-20T15:56:59","guid":{"rendered":"http:\/\/www.floreriavoila.com\/index\/?page_id=38"},"modified":"2018-02-15T13:11:08","modified_gmt":"2018-02-15T13:11:08","slug":"formas-de-pago","status":"publish","type":"page","link":"https:\/\/www.floreriavoila.com\/portada\/formas-de-pago\/","title":{"rendered":"Formas de Pago"},"content":{"rendered":"<p>Para realizar pedidos debe depositar el valor a trav\u00e9s de la siguiente cuenta, al realizar la transacci\u00f3n\u00a0env\u00edenos una notificaci\u00f3n indicando que el pago ha sido realizado a<a href=\"mailto:ventas@floreriavoila.com\">ventas@floreriavoila.com<\/a><\/p>\n<p>Nombre:\u00a0\u00a0Comercializadoras y E Limitada<\/p>\n<p>Tipo de cuenta:\u00a0\u00a0Cuenta Corriente<\/p>\n<p>Banco:\u00a0\u00a0 Santander<\/p>\n<p>N\u00b0 de Cuenta: \u00a065-92094-8<\/p>\n<p>Rut Empresa: \u00a0 76175598-6<\/p>\n<p>Correo: <a href=\"mailto:ventas@floreriavoila.com\">ventas@floreriavoila.com<\/a><\/p>\n<p>*Nota:<\/p>\n<p>\ud83d\udccdTodos nuestros pedidos arrojan el importe con item de despacho; el que debe ser transferido a nuestra cuenta corriente de Comercializadora S y E Ltda. (Forma dircta con datos en link formas de pago) y reenviado v\u00eda mail a ventas@floreriavoila.com (*) como paso obligatorio; indicando en la glosa el n\u00famero de pedido que se est\u00e1 transfiriendo; de esta forma podemos agendar y preparar su solicitud.\ud83d\udccd<\/p>\n<p>\ud83d\udccdLos pedidos generados sin pago asociado no podr\u00e1n ser agendados ya que no contamos con pago contra entrega u otro medio\ud83d\udccd<\/p>\n<p>\ud83d\udccdLos pedidos realizados los d\u00edas s\u00e1bados, domingos y\/o festivos se realizar\u00e1n al d\u00eda h\u00e1bil siguiente, a excepci\u00f3n si anterior a la solicitud se haya coordinado la entrega con nuestras encargadas v\u00eda telef\u00f3no al 322993267 \/ +56995371045\ud83d\udccd<\/p>\n<p>\ud83d\udccdNosotros no cobramos importe extra por despachos los d\u00edas festivos pero se coordina con anticipaci\u00f3n\ud83d\udccd<\/p>\n<p>\ud83d\udccdLos horarios de entrega se pactan de forma anticipada, cuando el pedido est\u00e1 realizado con 24 horas de anticipaci\u00f3n podemos acceder a un horario fijo, teniendo en cuenta siempre un handicap de 15 minutos; a excepci\u00f3n de d\u00edas de alta demanda o fechas importantes para el rubro, donde el compromiso es entregar dentro del d\u00eda solicitado, independiente que el pedido haya sido solicitado con anticipaci\u00f3n\ud83d\udccd<\/p>\n<p>\ud83d\udccdNuestros arreglos son confeccionados con flores naturales y de alta calidad, contamos con personal especializado lo que garantiza que su pedido llegar\u00e1 en buenas condiciones y entregado con amabilidad por nuestros asistentes\ud83d\udccd<\/p>\n<p>\ud83d\udccdLa composici\u00f3n de nuestros arreglos puede sufrir variaciones con el tipo de flores y\/ o colores; por no econtrarse dentro de la temporada o bien por no tener stock (normalmente para fechas de alta demanda) en este caso ser\u00e1n reemplazadas por por otras similares, respetando la composici\u00f3n del mismo\ud83d\udccd<\/p>\n<p>\ud83d\udccdLas Bases de nuestros arreglos tambi\u00e9n puede\u00a0 sufrir modificaciones de acuerdo al stock en tienda, en este caso ser\u00e1n reemplazadas por otras de similares caracter\u00edsticas\ud83d\udccd<\/p>\n<ol>\n<li>\ud83d\udccdPara entregas donde el destinatario no se encuentre y no exista quien recepcione, el arreglo se llevar\u00e1 a nuestra tienda para ser retirado por quien env\u00eda o recibe. Existe tambi\u00e9n la opci\u00f3n de reprogramar la entrega con el pago de un nuevo despacho; para cualquiera de estas opciones (retiro en tienda o reprogramaci\u00f3n), el arreglo ser\u00e1 custodiado en nuestra tienda en las mejores condiciones de manera que llegue impecable a manos del destinatario\ud83d\udccd<\/li>\n<\/ol>\n","protected":false},"excerpt":{"rendered":"<p>Para realizar pedidos debe depositar el valor a trav\u00e9s de la siguiente cuenta, al realizar la transacci\u00f3n\u00a0env\u00edenos una notificaci\u00f3n indicando que el pago ha sido realizado aventas@floreriavoila.com Nombre:\u00a0\u00a0Comercializadoras y E Limitada Tipo de cuenta:\u00a0\u00a0Cuenta Corriente Banco:\u00a0\u00a0 Santander N\u00b0 de Cuenta: \u00a065-92094-8 Rut Empresa: \u00a0 76175598-6 Correo: ventas@floreriavoila.com *Nota: \ud83d\udccdTodos nuestros pedidos arrojan el importe con [&hellip;]<\/p>\n","protected":false},"author":1,"featured_media":0,"parent":0,"menu_order":0,"comment_status":"closed","ping_status":"closed","template":"","meta":{"footnotes":""},"class_list":["post-38","page","type-page","status-publish","hentry"],"_links":{"self":[{"href":"https:\/\/www.floreriavoila.com\/portada\/wp-json\/wp\/v2\/pages\/38","targetHints":{"allow":["GET"]}}],"collection":[{"href":"https:\/\/www.floreriavoila.com\/portada\/wp-json\/wp\/v2\/pages"}],"about":[{"href":"https:\/\/www.floreriavoila.com\/portada\/wp-json\/wp\/v2\/types\/page"}],"author":[{"embeddable":true,"href":"https:\/\/www.floreriavoila.com\/portada\/wp-json\/wp\/v2\/users\/1"}],"replies":[{"embeddable":true,"href":"https:\/\/www.floreriavoila.com\/portada\/wp-json\/wp\/v2\/comments?post=38"}],"version-history":[{"count":4,"href":"https:\/\/www.floreriavoila.com\/portada\/wp-json\/wp\/v2\/pages\/38\/revisions"}],"predecessor-version":[{"id":756,"href":"https:\/\/www.floreriavoila.com\/portada\/wp-json\/wp\/v2\/pages\/38\/revisions\/756"}],"wp:attachment":[{"href":"https:\/\/www.floreriavoila.com\/portada\/wp-json\/wp\/v2\/media?parent=38"}],"curies":[{"name":"wp","href":"https:\/\/api.w.org\/{rel}","templated":true}]}}